{"id":99,"date":"2024-10-03T15:30:53","date_gmt":"2024-10-03T13:30:53","guid":{"rendered":"https:\/\/psychologue-neurofeedback.fr\/?page_id=99"},"modified":"2024-11-04T10:05:28","modified_gmt":"2024-11-04T09:05:28","slug":"sportifs","status":"publish","type":"page","link":"https:\/\/psychologue-neurofeedback.fr\/index.php\/indications-et-benefices\/sportifs\/","title":{"rendered":"Sportifs"},"content":{"rendered":"\n<p style=\"font-size:18px\">Le neurofeedback dynamique est de plus en plus utilis\u00e9 par les sportifs de haut niveau pour optimiser leurs performances, tant sur le plan physique que mental. Cette technique leur permet de mieux contr\u00f4ler leur stress, de renforcer leur concentration et d&rsquo;am\u00e9liorer leur r\u00e9cup\u00e9ration, des \u00e9l\u00e9ments essentiels pour atteindre l&rsquo;excellence dans les comp\u00e9titions sportives. <\/p>\n\n\n\n<p style=\"font-size:18px\">Voici comment le Neurofeedback dynamique aide les athl\u00e8tes:<\/p>\n\n\n\n<ul class=\"wp-block-list\">\n<li style=\"font-size:18px\"><strong>Une meilleure gestion du stress et de la pression<\/strong>: lors des comp\u00e9titions, les sportifs sont souvent soumis \u00e0 un stress intense. Le neurofeedback les aide \u00e0 r\u00e9guler leur activit\u00e9 c\u00e9r\u00e9brale afin de mieux g\u00e9rer leurs \u00e9motions et \u00e0 rester calme sous pression. <\/li>\n<\/ul>\n\n\n\n<p><\/p>\n\n\n\n<ul class=\"wp-block-list\">\n<li style=\"font-size:18px\"><strong>Une am\u00e9lioration de la concentration et de la prise de d\u00e9cision<\/strong>: la pratique du neurofeedback peut augmenter la capacit\u00e9 des sportifs \u00e0 rester focalis\u00e9s sur leurs objectifs pendant des p\u00e9riodes prolong\u00e9es, ce qui est fondamental lors des moments d\u00e9cisifs dans un match ou une course.<\/li>\n<\/ul>\n\n\n\n<p><\/p>\n\n\n\n<ul class=\"wp-block-list\">\n<li style=\"font-size:18px\"><strong>Une r\u00e9cup\u00e9ration plus rapide<\/strong>: en aidant \u00e0 d\u00e9tendre le cerveau et \u00e0 le remettre dans un \u00e9tat optimal apr\u00e8s l&rsquo;effort, le neurofeedback peut aussi acc\u00e9l\u00e9rer la r\u00e9cup\u00e9ration, \u00e0 la fois physique et mentale, apr\u00e8s un entrainement intensif ou une comp\u00e9tition.<\/li>\n<\/ul>\n\n\n\n<p><\/p>\n\n\n\n<ul class=\"wp-block-list\">\n<li style=\"font-size:18px\"><strong>Le renforcement des comp\u00e9tences motrices et de la coordination<\/strong>: en optimisant le fonctionnement c\u00e9r\u00e9bral, le neurofeedback contribue \u00e0 une meilleure pr\u00e9cision des mouvements, une am\u00e9lioration des r\u00e9flexes, et \u00e0 une plus grande coordination, ce qui est essentiel dans de nombreux sports.<\/li>\n<\/ul>\n\n\n\n<p style=\"font-size:18px\">De grands athl\u00e8tes, notamment dans des disciplines telles que le golf, le tennis ou les sports de combat, utilisent le neurofeedback pour am\u00e9liorer non seulement leurs conditions physiques mais aussi leur r\u00e9silience mentale. Cela leur permet de rester au sommet de leurs performances de mani\u00e8re durable.<\/p>\n","protected":false},"excerpt":{"rendered":"<p>Le neurofeedback dynamique est de plus en plus utilis\u00e9 par les sportifs de haut niveau pour optimiser leurs performances, tant sur le plan physique que mental. Cette technique leur permet de mieux contr\u00f4ler leur stress, de renforcer leur concentration et d&rsquo;am\u00e9liorer leur r\u00e9cup\u00e9ration, des \u00e9l\u00e9ments essentiels pour atteindre l&rsquo;excellence dans les comp\u00e9titions sportives. Voici comment [&hellip;]<\/p>\n","protected":false},"author":1,"featured_media":307,"parent":22,"menu_order":0,"comment_status":"closed","ping_status":"closed","template":"","meta":{"footnotes":""},"class_list":["post-99","page","type-page","status-publish","has-post-thumbnail","hentry"],"_links":{"self":[{"href":"https:\/\/psychologue-neurofeedback.fr\/index.php\/wp-json\/wp\/v2\/pages\/99","targetHints":{"allow":["GET"]}}],"collection":[{"href":"https:\/\/psychologue-neurofeedback.fr\/index.php\/wp-json\/wp\/v2\/pages"}],"about":[{"href":"https:\/\/psychologue-neurofeedback.fr\/index.php\/wp-json\/wp\/v2\/types\/page"}],"author":[{"embeddable":true,"href":"https:\/\/psychologue-neurofeedback.fr\/index.php\/wp-json\/wp\/v2\/users\/1"}],"replies":[{"embeddable":true,"href":"https:\/\/psychologue-neurofeedback.fr\/index.php\/wp-json\/wp\/v2\/comments?post=99"}],"version-history":[{"count":6,"href":"https:\/\/psychologue-neurofeedback.fr\/index.php\/wp-json\/wp\/v2\/pages\/99\/revisions"}],"predecessor-version":[{"id":294,"href":"https:\/\/psychologue-neurofeedback.fr\/index.php\/wp-json\/wp\/v2\/pages\/99\/revisions\/294"}],"up":[{"embeddable":true,"href":"https:\/\/psychologue-neurofeedback.fr\/index.php\/wp-json\/wp\/v2\/pages\/22"}],"wp:featuredmedia":[{"embeddable":true,"href":"https:\/\/psychologue-neurofeedback.fr\/index.php\/wp-json\/wp\/v2\/media\/307"}],"wp:attachment":[{"href":"https:\/\/psychologue-neurofeedback.fr\/index.php\/wp-json\/wp\/v2\/media?parent=99"}],"curies":[{"name":"wp","href":"https:\/\/api.w.org\/{rel}","templated":true}]}}