{"id":88,"date":"2024-10-03T15:29:08","date_gmt":"2024-10-03T13:29:08","guid":{"rendered":"https:\/\/psychologue-neurofeedback.fr\/?page_id=88"},"modified":"2024-10-14T12:02:04","modified_gmt":"2024-10-14T10:02:04","slug":"etudes-relatives-aux-bienfaits-de-neuroptimal","status":"publish","type":"page","link":"https:\/\/psychologue-neurofeedback.fr\/index.php\/etudes-relatives-aux-bienfaits-de-neuroptimal\/","title":{"rendered":"D\u00e9roul\u00e9 d&rsquo;une s\u00e9ance"},"content":{"rendered":"\n<p style=\"font-size:18px\">Pour la premi\u00e8re s\u00e9ance, je prends le temps de discuter avec vous afin de comprendre vos besoins, vos objectifs et votre \u00e9tat g\u00e9n\u00e9ral (stress, troubles \u00e9motionnels, probl\u00e8mes de sommeil\u2026). Cette discussion me permet aussi de vous expliquer ce qu&rsquo;est le neurofeedback dynamique NeurOptimal\u00ae, comment il fonctionne et ce que l&rsquo;on peut attendre des s\u00e9ances.<\/p>\n\n\n\n<p style=\"font-size:18px\">Je vous propose ensuite de vous installer confortablement sur un canap\u00e9, dans une position allong\u00e9e ou assise suivant votre pr\u00e9f\u00e9rence. Pour permettre au syst\u00e8me d&rsquo;analyser l&rsquo;activit\u00e9 c\u00e9r\u00e9brale, des petits capteurs sont plac\u00e9s sur le cuir chevelu et les oreilles. Ces capteurs mesurent l&rsquo;activit\u00e9 \u00e9lectrique du cerveau (ondes c\u00e9r\u00e9brales) , mais ils ne d\u00e9livrent aucun courant au signal.<\/p>\n\n\n\n<p style=\"font-size:18px\">Le patient \u00e9coute ensuite de la musique. Pendant cette phase, le logiciel NeurOptimal\u00ae analyse en temps r\u00e9el l&rsquo;activit\u00e9 c\u00e9r\u00e9brale. Lorsqu&rsquo;il d\u00e9tecte des sch\u00e9mas de d\u00e9s\u00e9quilibre ou des \u00ab\u00a0interruptions\u00a0\u00bb dans le fonctionnement optimal du cerveau, des microcoupures dans la musique se produisent. Ces interruptions sont des informations envoy\u00e9es au cerveau, comme un \u00ab\u00a0feedback\u00a0\u00bb instantan\u00e9, qui lui permet de reconna\u00eetre ses propres dysfonctionnements et de les corriger.<\/p>\n\n\n\n<p style=\"font-size:18px\">Le cerveau r\u00e9agit naturellement \u00e0 ce \u00ab\u00a0feedback\u00a0\u00bb en s&rsquo;auto-r\u00e9gulant, ce qui signifie qu&rsquo;il prend conscience des zones o\u00f9 il fonctionne de mani\u00e8re inefficace et commence \u00e0 s&rsquo;ajuster de lui-m\u00eame. Ces ajustements sont subtils et se produisent progressivement au fil de s\u00e9ances, favorisant un r\u00e9\u00e9quilibrage global des fonctions c\u00e9r\u00e9brales, comme la gestion du stress, la concentration, la r\u00e9gulation \u00e9motionnelle\u2026<\/p>\n\n\n\n<p style=\"font-size:18px\">Apr\u00e8s la session, je retire les capteurs et je vous propose d&rsquo;\u00e9changer sur vos ressentis et sensations pendant la s\u00e9ance. Certains peuvent se sentir imm\u00e9diatement plus d\u00e9tendus ou plus clairs d&rsquo;esprit, tandis que pour d&rsquo;autres, les effets peuvent \u00eatre plus subtils et se manifester au fils des jours.<\/p>\n\n\n\n<p style=\"font-size:18px\">Les r\u00e9sultats varient d&rsquo;une personne \u00e0 l&rsquo;autre, mais une am\u00e9lioration progressive est souvent observ\u00e9e apr\u00e8s plusieurs s\u00e9ances. Selon les objectifs, un programme personnalis\u00e9 est mis en place, avec des sessions r\u00e9guli\u00e8res, souvent une ou deux par semaine, sur une dur\u00e9e de quelques semaines \u00e0 plusieurs mois.<\/p>\n\n\n\n<p style=\"font-size:18px\">Cette approche douce et naturelle permet au cerveau de retrouver son \u00e9quilibre sans effort conscient de votre part, facilitant ainsi l&rsquo;auto-r\u00e9gulation et la gu\u00e9rison dans des domaines vari\u00e9s (gestion du stress, optimisation cognitive, r\u00e9gulation \u00e9motionnelle\u2026).<\/p>\n\n\n\n<p>R\u00e9sum\u00e9:<\/p>\n\n\n\n<ul class=\"wp-block-list\">\n<li><strong>non-invasif <\/strong>: aucune stimulation externe n&rsquo;est envoy\u00e9 au cerveau. Le processus se base uniquement sur l&rsquo;observation et le feedback.<\/li>\n\n\n\n<li><strong>relaxant et personnalis\u00e9 <\/strong>: vous \u00eates dans un environnement confortable et relaxant. Le processus est adapt\u00e9 \u00e0 votre rythme et \u00e0 vos objectifs.<\/li>\n\n\n\n<li><strong>Dur\u00e9e<\/strong> : 1h15 la premi\u00e8re s\u00e9ance, puis 1h pour les consultations de suivi (incluant la discussion pr\u00e9alable et le temps de la session).<\/li>\n<\/ul>\n","protected":false},"excerpt":{"rendered":"<p>Pour la premi\u00e8re s\u00e9ance, je prends le temps de discuter avec vous afin de comprendre vos besoins, vos objectifs et votre \u00e9tat g\u00e9n\u00e9ral (stress, troubles \u00e9motionnels, probl\u00e8mes de sommeil\u2026). Cette discussion me permet aussi de vous expliquer ce qu&rsquo;est le neurofeedback dynamique NeurOptimal\u00ae, comment il fonctionne et ce que l&rsquo;on peut attendre des s\u00e9ances. Je [&hellip;]<\/p>\n","protected":false},"author":1,"featured_media":0,"parent":0,"menu_order":0,"comment_status":"closed","ping_status":"closed","template":"","meta":{"footnotes":""},"class_list":["post-88","page","type-page","status-publish","hentry"],"_links":{"self":[{"href":"https:\/\/psychologue-neurofeedback.fr\/index.php\/wp-json\/wp\/v2\/pages\/88","targetHints":{"allow":["GET"]}}],"collection":[{"href":"https:\/\/psychologue-neurofeedback.fr\/index.php\/wp-json\/wp\/v2\/pages"}],"about":[{"href":"https:\/\/psychologue-neurofeedback.fr\/index.php\/wp-json\/wp\/v2\/types\/page"}],"author":[{"embeddable":true,"href":"https:\/\/psychologue-neurofeedback.fr\/index.php\/wp-json\/wp\/v2\/users\/1"}],"replies":[{"embeddable":true,"href":"https:\/\/psychologue-neurofeedback.fr\/index.php\/wp-json\/wp\/v2\/comments?post=88"}],"version-history":[{"count":6,"href":"https:\/\/psychologue-neurofeedback.fr\/index.php\/wp-json\/wp\/v2\/pages\/88\/revisions"}],"predecessor-version":[{"id":229,"href":"https:\/\/psychologue-neurofeedback.fr\/index.php\/wp-json\/wp\/v2\/pages\/88\/revisions\/229"}],"wp:attachment":[{"href":"https:\/\/psychologue-neurofeedback.fr\/index.php\/wp-json\/wp\/v2\/media?parent=88"}],"curies":[{"name":"wp","href":"https:\/\/api.w.org\/{rel}","templated":true}]}}