{"id":5,"date":"2024-10-03T12:27:42","date_gmt":"2024-10-03T10:27:42","guid":{"rendered":"http:\/\/psychologue-neurofeedback.fr\/?page_id=5"},"modified":"2024-10-22T15:47:43","modified_gmt":"2024-10-22T13:47:43","slug":"accueil","status":"publish","type":"page","link":"https:\/\/psychologue-neurofeedback.fr\/","title":{"rendered":"Accueil"},"content":{"rendered":"\n<p style=\"font-size:18px\">Vous recherchez une m\u00e9thode alternative, douce, non invasive et durable pour aider votre enfant \u00e0 surmonter ses difficult\u00e9s scolaires, d&rsquo;endormissement, d&rsquo;attention, de concentration, d&rsquo;apprentissage\u2026<\/p>\n\n\n\n<p style=\"font-size:18px\">Vous recherchez une m\u00e9thode pour retrouver le sommeil, la confiance en vous, d\u00e9velopper votre cr\u00e9ativit\u00e9, am\u00e9liorer vos performances ou g\u00e9rer votre stress? <\/p>\n\n\n\n<p style=\"font-size:18px\">Rencontrons nous pour une premi\u00e8re s\u00e9ance de Neurofeedback dynamique NeurOptimal\u00ae!<\/p>\n\n\n\n<p><\/p>\n\n\n\n<p style=\"font-size:25px\"><\/p>\n","protected":false},"excerpt":{"rendered":"<p>Vous recherchez une m\u00e9thode alternative, douce, non invasive et durable pour aider votre enfant \u00e0 surmonter ses difficult\u00e9s scolaires, d&rsquo;endormissement, d&rsquo;attention, de concentration, d&rsquo;apprentissage\u2026 Vous recherchez une m\u00e9thode pour retrouver le sommeil, la confiance en vous, d\u00e9velopper votre cr\u00e9ativit\u00e9, am\u00e9liorer vos performances ou g\u00e9rer votre stress? Rencontrons nous pour une premi\u00e8re s\u00e9ance de Neurofeedback dynamique [&hellip;]<\/p>\n","protected":false},"author":1,"featured_media":0,"parent":0,"menu_order":0,"comment_status":"closed","ping_status":"closed","template":"","meta":{"footnotes":""},"class_list":["post-5","page","type-page","status-publish","hentry"],"_links":{"self":[{"href":"https:\/\/psychologue-neurofeedback.fr\/index.php\/wp-json\/wp\/v2\/pages\/5","targetHints":{"allow":["GET"]}}],"collection":[{"href":"https:\/\/psychologue-neurofeedback.fr\/index.php\/wp-json\/wp\/v2\/pages"}],"about":[{"href":"https:\/\/psychologue-neurofeedback.fr\/index.php\/wp-json\/wp\/v2\/types\/page"}],"author":[{"embeddable":true,"href":"https:\/\/psychologue-neurofeedback.fr\/index.php\/wp-json\/wp\/v2\/users\/1"}],"replies":[{"embeddable":true,"href":"https:\/\/psychologue-neurofeedback.fr\/index.php\/wp-json\/wp\/v2\/comments?post=5"}],"version-history":[{"count":8,"href":"https:\/\/psychologue-neurofeedback.fr\/index.php\/wp-json\/wp\/v2\/pages\/5\/revisions"}],"predecessor-version":[{"id":242,"href":"https:\/\/psychologue-neurofeedback.fr\/index.php\/wp-json\/wp\/v2\/pages\/5\/revisions\/242"}],"wp:attachment":[{"href":"https:\/\/psychologue-neurofeedback.fr\/index.php\/wp-json\/wp\/v2\/media?parent=5"}],"curies":[{"name":"wp","href":"https:\/\/api.w.org\/{rel}","templated":true}]}}