{"id":40,"date":"2024-10-03T10:33:17","date_gmt":"2024-10-03T08:33:17","guid":{"rendered":"https:\/\/psychologue-neurofeedback.fr\/?page_id=40"},"modified":"2024-11-04T09:55:51","modified_gmt":"2024-11-04T08:55:51","slug":"adolescent","status":"publish","type":"page","link":"https:\/\/psychologue-neurofeedback.fr\/index.php\/indications-et-benefices\/adolescent\/","title":{"rendered":"Adolescents"},"content":{"rendered":"\n<p style=\"font-size:18px\">La m\u00e9thode NeurOptimal\u00ae pr\u00e9sente plusieurs avantages pour les adolescents, surtout dans une p\u00e9riode de vie marqu\u00e9e par des changements \u00e9motionnels, cognitifs et physiques. Voici quelques-uns des principaux b\u00e9n\u00e9fices du neurofeedback dynamique pour les adolescents: <\/p>\n\n\n\n<ul class=\"wp-block-list\">\n<li style=\"font-size:18px\"><strong>L&rsquo;am\u00e9lioration de la r\u00e9gulation \u00e9motionnelle<\/strong>: les adolescents vivent souvent des fluctuations \u00e9motionnelles. Le neurofeedback aide le cerveau \u00e0 mieux s&rsquo;auto-r\u00e9guler, ce qui peut r\u00e9duire l&rsquo;anxi\u00e9t\u00e9, les sautes d&rsquo;humeur et la d\u00e9pression, tout en favorisant une stabilit\u00e9 \u00e9motionnelle.<\/li>\n<\/ul>\n\n\n\n<p><\/p>\n\n\n\n<ul class=\"wp-block-list\">\n<li style=\"font-size:18px\"><strong>La gestion du stress et de l&rsquo;anxi\u00e9t\u00e9<\/strong>: ce type de neurofeedback apprend au cerveau \u00e0 identifier et \u00e0 rel\u00e2cher les sch\u00e9mas de stress excessif. Cela permet aux adolescents de mieux g\u00e9rer le stress scolaire, les relations sociales et les d\u00e9fis li\u00e9s \u00e0 la croissance personnelle. <\/li>\n<\/ul>\n\n\n\n<p><\/p>\n\n\n\n<ul class=\"wp-block-list\">\n<li style=\"font-size:18px\"><strong>L&rsquo;am\u00e9lioration de la concentration et des performances acad\u00e9miques<\/strong>: en aidant le cerveau \u00e0 optimiser son fonctionnement, le neurofeedback peut am\u00e9liorer la concentration, la m\u00e9moire et la capacit\u00e9 de traitement de l&rsquo;information, ce qui est particuli\u00e8rement b\u00e9n\u00e9fique dans le cadre scolaire.<\/li>\n<\/ul>\n\n\n\n<p><\/p>\n\n\n\n<ul class=\"wp-block-list\">\n<li style=\"font-size:18px\"><strong>La r\u00e9duction des troubles du sommeil<\/strong>: beaucoup d&rsquo;adolescents souffrent de troubles du sommeil en raison de l&rsquo;exposition aux \u00e9crans et au stress. Le neurofeedback favorise une meilleure qualit\u00e9 de sommeil en aidant le cerveau \u00e0 se d\u00e9tendre et \u00e0 entrer dans des \u00e9tats de repos plus profonds.<\/li>\n<\/ul>\n\n\n\n<p><\/p>\n\n\n\n<ul class=\"wp-block-list\">\n<li style=\"font-size:18px\"><strong>L&rsquo;am\u00e9lioration de l&rsquo;estime de soi et de la confiance<\/strong>: en \u00e9quilibrant le syst\u00e8me nerveux, le neurofeedback permet aux adolescents de mieux se conna\u00eetre, de d\u00e9velopper leur r\u00e9silience \u00e9motionnelle et d&rsquo;am\u00e9liorer leur perception d&rsquo;eux-m\u00eames.<\/li>\n<\/ul>\n\n\n\n<p><\/p>\n\n\n\n<ul class=\"wp-block-list\">\n<li style=\"font-size:18px\"><strong>L&rsquo;aide aux troubles sp\u00e9cifiques<\/strong>: les adolescents souffrants de troubles sp\u00e9cifiques comme le TDAH, les troubles de l&rsquo;apprentissage ou les troubles de la conduite peuvent b\u00e9n\u00e9ficier du neurofeedback, qui aide \u00e0 r\u00e9tablir un meilleur \u00e9quilibre et une meilleure gestion de ces troubles.<\/li>\n<\/ul>\n\n\n\n<p style=\"font-size:18px\">Le neurofeedback offre ainsi aux adolescents un moyen de d\u00e9velopper leur bien-\u00eatre mental et \u00e9motionnel tout en am\u00e9liorant leur concentration et leur capacit\u00e9 \u00e0 faire face aux d\u00e9fis de la vie.<\/p>\n","protected":false},"excerpt":{"rendered":"<p>La m\u00e9thode NeurOptimal\u00ae pr\u00e9sente plusieurs avantages pour les adolescents, surtout dans une p\u00e9riode de vie marqu\u00e9e par des changements \u00e9motionnels, cognitifs et physiques. Voici quelques-uns des principaux b\u00e9n\u00e9fices du neurofeedback dynamique pour les adolescents: Le neurofeedback offre ainsi aux adolescents un moyen de d\u00e9velopper leur bien-\u00eatre mental et \u00e9motionnel tout en am\u00e9liorant leur concentration et [&hellip;]<\/p>\n","protected":false},"author":1,"featured_media":301,"parent":22,"menu_order":0,"comment_status":"closed","ping_status":"closed","template":"","meta":{"footnotes":""},"class_list":["post-40","page","type-page","status-publish","has-post-thumbnail","hentry"],"_links":{"self":[{"href":"https:\/\/psychologue-neurofeedback.fr\/index.php\/wp-json\/wp\/v2\/pages\/40","targetHints":{"allow":["GET"]}}],"collection":[{"href":"https:\/\/psychologue-neurofeedback.fr\/index.php\/wp-json\/wp\/v2\/pages"}],"about":[{"href":"https:\/\/psychologue-neurofeedback.fr\/index.php\/wp-json\/wp\/v2\/types\/page"}],"author":[{"embeddable":true,"href":"https:\/\/psychologue-neurofeedback.fr\/index.php\/wp-json\/wp\/v2\/users\/1"}],"replies":[{"embeddable":true,"href":"https:\/\/psychologue-neurofeedback.fr\/index.php\/wp-json\/wp\/v2\/comments?post=40"}],"version-history":[{"count":9,"href":"https:\/\/psychologue-neurofeedback.fr\/index.php\/wp-json\/wp\/v2\/pages\/40\/revisions"}],"predecessor-version":[{"id":264,"href":"https:\/\/psychologue-neurofeedback.fr\/index.php\/wp-json\/wp\/v2\/pages\/40\/revisions\/264"}],"up":[{"embeddable":true,"href":"https:\/\/psychologue-neurofeedback.fr\/index.php\/wp-json\/wp\/v2\/pages\/22"}],"wp:featuredmedia":[{"embeddable":true,"href":"https:\/\/psychologue-neurofeedback.fr\/index.php\/wp-json\/wp\/v2\/media\/301"}],"wp:attachment":[{"href":"https:\/\/psychologue-neurofeedback.fr\/index.php\/wp-json\/wp\/v2\/media?parent=40"}],"curies":[{"name":"wp","href":"https:\/\/api.w.org\/{rel}","templated":true}]}}