{"id":28,"date":"2024-10-03T10:30:24","date_gmt":"2024-10-03T08:30:24","guid":{"rendered":"https:\/\/psychologue-neurofeedback.fr\/?page_id=28"},"modified":"2024-11-04T09:58:20","modified_gmt":"2024-11-04T08:58:20","slug":"enfant","status":"publish","type":"page","link":"https:\/\/psychologue-neurofeedback.fr\/index.php\/indications-et-benefices\/enfant\/","title":{"rendered":"Enfants"},"content":{"rendered":"\n<p style=\"font-size:18px\">Le Neurofeedback est souvent utilis\u00e9 pour aider les enfants pr\u00e9sentant des troubles tels que l&rsquo;hyperactivit\u00e9, le d\u00e9ficit de l&rsquo;attention avec ou sans hyperactivit\u00e9 (TDAH), la dyslexie, ou m\u00eame les troubles du spectre autistique (TSA). En r\u00e9ajustant progressivement le fonctionnement du cerveau, cette technique peut aider les enfants \u00e0 g\u00e9rer leurs comportements impulsifs, \u00e0 am\u00e9liorer leur capacit\u00e9s d&rsquo;apprentissage et \u00e0 renforcer leur concentration.<\/p>\n\n\n\n<p style=\"font-size:18px\">Voici quelques b\u00e9n\u00e9fices potentiels observ\u00e9s chez les enfants apr\u00e8s des s\u00e9ances de Neurofeedback dynamique:<\/p>\n\n\n\n<ul class=\"wp-block-list\">\n<li style=\"font-size:18px\"><strong>Un comportement plus calme<\/strong>: les enfants peuvent devenir plus pos\u00e9s, avec une meilleure ma\u00eetrise de leurs r\u00e9actions \u00e9motionnelles. En effet, l&rsquo;attention et la concentration s&rsquo;am\u00e9liorent ainsi que les capacit\u00e9s d&rsquo;apprentissage, ce qui est particuli\u00e8rement utile pour ceux ayant des troubles de l&rsquo;attention (T.D.A) avec ou sans hyperactivit\u00e9. De plus, le Neurofeedback aide \u00e0 r\u00e9guler leurs \u00e9motions, ce qui peut <strong>r\u00e9duire les crise de col\u00e8re<\/strong>, l&rsquo;irritabilit\u00e9 et les sautes d&rsquo;humeur. Les enfants apprennent \u00e0 mieux r\u00e9agir face aux frustrations et \u00e0 exprimer leurs \u00e9motions de mani\u00e8re plus appropri\u00e9e. <\/li>\n<\/ul>\n\n\n\n<p><\/p>\n\n\n\n<ul class=\"wp-block-list\">\n<li style=\"font-size:18px\"><strong>R\u00e9duction de l&rsquo;impulsivit\u00e9 et des comportements difficiles<\/strong>: pour les enfants ayant des comportements impulsifs ou des difficult\u00e9s \u00e0 suivre les r\u00e8gles, le neurofeedback aide \u00e0 calmer le cerveau et \u00e0 encourager une meilleure ma\u00eetrise de soi, r\u00e9duisant ainsi les comportements difficiles. <\/li>\n<\/ul>\n\n\n\n<p><\/p>\n\n\n\n<ul class=\"wp-block-list\">\n<li style=\"font-size:18px\"><strong>Un soutien aux enfants avec des troubles sp\u00e9cifiques<\/strong>: les enfants pr\u00e9sentant des troubles d&rsquo;apprentissage, de d\u00e9veloppement, ou des troubles neurod\u00e9veloppementaux (comme les Troubles du Spectre Autistique) peuvent b\u00e9n\u00e9ficier du neurofeedback en am\u00e9liorant leur capacit\u00e9 \u00e0 traiter l&rsquo;information, \u00e0 communiquer et \u00e0 interagir socialement. <\/li>\n<\/ul>\n\n\n\n<p><\/p>\n\n\n\n<ul class=\"wp-block-list\">\n<li style=\"font-size:18px\"><strong>Une am\u00e9lioration des performances scolaires<\/strong> : en renfor\u00e7ant la concentration, la r\u00e9solution de probl\u00e8mes et la compr\u00e9hension des consignes, les enfants peuvent mieux suivre en classe,<\/li>\n<\/ul>\n\n\n\n<p><\/p>\n\n\n\n<ul class=\"wp-block-list\">\n<li style=\"font-size:18px\"><strong>Une<\/strong> <strong>meilleure coordination et motricit\u00e9<\/strong>: l&rsquo;am\u00e9lioration des connexions neuronales peut aussi se refl\u00e9ter dans des activit\u00e9s motrices plus fluides.<\/li>\n<\/ul>\n\n\n\n<p><\/p>\n\n\n\n<ul class=\"wp-block-list\">\n<li style=\"font-size:18px\"><strong>Le renforcement de la confiance en soi:<\/strong> en surmontant leurs difficult\u00e9s, les enfants acqui\u00e8rent une meilleure estime de soi, se sentent plus \u00e0 l&rsquo;aise dans leurs interactions sociales et d\u00e9veloppent une attitude plus positive face aux d\u00e9fis.<\/li>\n<\/ul>\n\n\n\n<p><\/p>\n\n\n\n<ul class=\"wp-block-list\">\n<li style=\"font-size:18px\"><strong>Une r\u00e9duction du stress et de l&rsquo;anxi\u00e9t\u00e9<\/strong>: NeurOptimal\u00ae aide le cerveau des enfants \u00e0 mieux g\u00e9rer les situations de stress tant \u00e0 l&rsquo;\u00e9cole que dans la vie quotidienne.<\/li>\n<\/ul>\n\n\n\n<p><\/p>\n\n\n\n<ul class=\"wp-block-list\">\n<li style=\"font-size:18px\"><strong>L&rsquo;am\u00e9lioration du sommeil<\/strong>: beaucoup d&rsquo;enfants rencontrent des difficult\u00e9s de sommeil. Le neurofeedback contribue \u00e0 r\u00e9\u00e9quilibrer le cerveau, favorisant un meilleur endormissement et une qualit\u00e9 de sommeil r\u00e9paratrice, ce qui est crucial pour leur d\u00e9veloppement. <\/li>\n<\/ul>\n\n\n\n<p><\/p>\n","protected":false},"excerpt":{"rendered":"<p>Le Neurofeedback est souvent utilis\u00e9 pour aider les enfants pr\u00e9sentant des troubles tels que l&rsquo;hyperactivit\u00e9, le d\u00e9ficit de l&rsquo;attention avec ou sans hyperactivit\u00e9 (TDAH), la dyslexie, ou m\u00eame les troubles du spectre autistique (TSA). En r\u00e9ajustant progressivement le fonctionnement du cerveau, cette technique peut aider les enfants \u00e0 g\u00e9rer leurs comportements impulsifs, \u00e0 am\u00e9liorer leur [&hellip;]<\/p>\n","protected":false},"author":1,"featured_media":304,"parent":22,"menu_order":0,"comment_status":"closed","ping_status":"closed","template":"","meta":{"footnotes":""},"class_list":["post-28","page","type-page","status-publish","has-post-thumbnail","hentry"],"_links":{"self":[{"href":"https:\/\/psychologue-neurofeedback.fr\/index.php\/wp-json\/wp\/v2\/pages\/28","targetHints":{"allow":["GET"]}}],"collection":[{"href":"https:\/\/psychologue-neurofeedback.fr\/index.php\/wp-json\/wp\/v2\/pages"}],"about":[{"href":"https:\/\/psychologue-neurofeedback.fr\/index.php\/wp-json\/wp\/v2\/types\/page"}],"author":[{"embeddable":true,"href":"https:\/\/psychologue-neurofeedback.fr\/index.php\/wp-json\/wp\/v2\/users\/1"}],"replies":[{"embeddable":true,"href":"https:\/\/psychologue-neurofeedback.fr\/index.php\/wp-json\/wp\/v2\/comments?post=28"}],"version-history":[{"count":5,"href":"https:\/\/psychologue-neurofeedback.fr\/index.php\/wp-json\/wp\/v2\/pages\/28\/revisions"}],"predecessor-version":[{"id":291,"href":"https:\/\/psychologue-neurofeedback.fr\/index.php\/wp-json\/wp\/v2\/pages\/28\/revisions\/291"}],"up":[{"embeddable":true,"href":"https:\/\/psychologue-neurofeedback.fr\/index.php\/wp-json\/wp\/v2\/pages\/22"}],"wp:featuredmedia":[{"embeddable":true,"href":"https:\/\/psychologue-neurofeedback.fr\/index.php\/wp-json\/wp\/v2\/media\/304"}],"wp:attachment":[{"href":"https:\/\/psychologue-neurofeedback.fr\/index.php\/wp-json\/wp\/v2\/media?parent=28"}],"curies":[{"name":"wp","href":"https:\/\/api.w.org\/{rel}","templated":true}]}}