{"id":22,"date":"2024-10-03T10:27:50","date_gmt":"2024-10-03T08:27:50","guid":{"rendered":"https:\/\/psychologue-neurofeedback.fr\/?page_id=22"},"modified":"2024-11-04T09:08:19","modified_gmt":"2024-11-04T08:08:19","slug":"indications-et-benefices","status":"publish","type":"page","link":"https:\/\/psychologue-neurofeedback.fr\/index.php\/indications-et-benefices\/","title":{"rendered":"Indications et b\u00e9n\u00e9fices"},"content":{"rendered":"\n<p style=\"font-size:18px\">Le neurofeedback dynamique NeurOptimal\u00ae est une technique qui vise \u00e0 am\u00e9liorer le fonctionnement c\u00e9r\u00e9bral en optimisant les connexions neuronales. Il est bas\u00e9 sur le principe de la neuroplasticit\u00e9, c&rsquo;est \u00e0 dire la capacit\u00e9 du cerveau \u00e0 se r\u00e9organiser en r\u00e9ponse aux stimulations. Contrairement au neurofeedback classique, NeurOptimal n&rsquo;entra\u00eene pas directement des zones sp\u00e9cifiques du cerveau, mais encourage un r\u00e9ajustement global de son activit\u00e9 en temps r\u00e9el. Voici les principales indications et les b\u00e9n\u00e9fices associ\u00e9s \u00e0 cette m\u00e9thode: <\/p>\n\n\n\n<p><strong>Indications:<\/strong><\/p>\n\n\n\n<ul class=\"wp-block-list\">\n<li style=\"font-size:18px\">gestion du stress et de l&rsquo;anxi\u00e9t\u00e9,<\/li>\n\n\n\n<li style=\"font-size:18px\">troubles de l&rsquo;humeur (d\u00e9pression),<\/li>\n\n\n\n<li style=\"font-size:18px\">troubles de l&rsquo;attention et de la concentration (TDAH),<\/li>\n\n\n\n<li style=\"font-size:18px\">fatigue chronique,<\/li>\n\n\n\n<li style=\"font-size:18px\">probl\u00e8mes de sommeil,<\/li>\n\n\n\n<li style=\"font-size:18px\">troubles post-traumatiques,<\/li>\n\n\n\n<li style=\"font-size:18px\">performance cognitive et cr\u00e9ative&#8230; <\/li>\n<\/ul>\n\n\n\n<p><strong>B\u00e9n\u00e9fices:<\/strong><\/p>\n\n\n\n<ul class=\"wp-block-list\">\n<li style=\"font-size:18px\">r\u00e9gulation \u00e9motionnelle,<\/li>\n\n\n\n<li style=\"font-size:18px\">am\u00e9lioration de la r\u00e9silience,<\/li>\n\n\n\n<li style=\"font-size:18px\">am\u00e9lioration du bien-\u00eatre g\u00e9n\u00e9ral,<\/li>\n\n\n\n<li style=\"font-size:18px\">meilleur sommeil : plus r\u00e9parateur, moins de r\u00e9veils nocturnes,<\/li>\n\n\n\n<li style=\"font-size:18px\">meilleur syst\u00e8me immunitaire,<\/li>\n\n\n\n<li style=\"font-size:18px\">r\u00e9gulation du syst\u00e8me hormonal,<\/li>\n\n\n\n<li style=\"font-size:18px\">diminution des douleurs,<\/li>\n\n\n\n<li style=\"font-size:18px\">meilleure organisation,<\/li>\n\n\n\n<li style=\"font-size:18px\">meilleure m\u00e9moire,<\/li>\n\n\n\n<li style=\"font-size:18px\">meilleure concentration,<\/li>\n\n\n\n<li style=\"font-size:18px\">diminution du stress,<\/li>\n\n\n\n<li style=\"font-size:18px\">\u00e9vacuation des traumatismes,<\/li>\n\n\n\n<li style=\"font-size:18px\">diminution des Troubles Obsessionnels Compulsifs,<\/li>\n\n\n\n<li style=\"font-size:18px\">plus de joie \u2026<\/li>\n<\/ul>\n\n\n\n<p style=\"font-size:18px\">Le Neurofeedback contribue au bien \u00eatre g\u00e9n\u00e9ral \u00e0 tout \u00e2ges.<\/p>\n\n\n\n<p><\/p>\n","protected":false},"excerpt":{"rendered":"<p>Le neurofeedback dynamique NeurOptimal\u00ae est une technique qui vise \u00e0 am\u00e9liorer le fonctionnement c\u00e9r\u00e9bral en optimisant les connexions neuronales. Il est bas\u00e9 sur le principe de la neuroplasticit\u00e9, c&rsquo;est \u00e0 dire la capacit\u00e9 du cerveau \u00e0 se r\u00e9organiser en r\u00e9ponse aux stimulations. Contrairement au neurofeedback classique, NeurOptimal n&rsquo;entra\u00eene pas directement des zones sp\u00e9cifiques du cerveau, [&hellip;]<\/p>\n","protected":false},"author":1,"featured_media":0,"parent":0,"menu_order":0,"comment_status":"closed","ping_status":"closed","template":"","meta":{"footnotes":""},"class_list":["post-22","page","type-page","status-publish","hentry"],"_links":{"self":[{"href":"https:\/\/psychologue-neurofeedback.fr\/index.php\/wp-json\/wp\/v2\/pages\/22","targetHints":{"allow":["GET"]}}],"collection":[{"href":"https:\/\/psychologue-neurofeedback.fr\/index.php\/wp-json\/wp\/v2\/pages"}],"about":[{"href":"https:\/\/psychologue-neurofeedback.fr\/index.php\/wp-json\/wp\/v2\/types\/page"}],"author":[{"embeddable":true,"href":"https:\/\/psychologue-neurofeedback.fr\/index.php\/wp-json\/wp\/v2\/users\/1"}],"replies":[{"embeddable":true,"href":"https:\/\/psychologue-neurofeedback.fr\/index.php\/wp-json\/wp\/v2\/comments?post=22"}],"version-history":[{"count":14,"href":"https:\/\/psychologue-neurofeedback.fr\/index.php\/wp-json\/wp\/v2\/pages\/22\/revisions"}],"predecessor-version":[{"id":290,"href":"https:\/\/psychologue-neurofeedback.fr\/index.php\/wp-json\/wp\/v2\/pages\/22\/revisions\/290"}],"wp:attachment":[{"href":"https:\/\/psychologue-neurofeedback.fr\/index.php\/wp-json\/wp\/v2\/media?parent=22"}],"curies":[{"name":"wp","href":"https:\/\/api.w.org\/{rel}","templated":true}]}}