{"id":2,"date":"2024-09-26T14:27:38","date_gmt":"2024-09-26T12:27:38","guid":{"rendered":"http:\/\/psychologue-neurofeedback.fr\/?page_id=2"},"modified":"2024-11-04T10:13:45","modified_gmt":"2024-11-04T09:13:45","slug":"page-d-exemple","status":"publish","type":"page","link":"https:\/\/psychologue-neurofeedback.fr\/index.php\/page-d-exemple\/","title":{"rendered":"Qui suis-je ?"},"content":{"rendered":"\n<p style=\"font-size:17px\">Je suis Caroline, psychologue de formation et r\u00e9cemment form\u00e9e \u00e0 la m\u00e9thode Neuroptimal\u00ae. En effet, apr\u00e8s avoir travaill\u00e9 quelques ann\u00e9es en tant que psychologue sp\u00e9cialis\u00e9e dans les Troubles du Spectre Autistique, j&rsquo;ai eu la chance d&rsquo;avoir trois enfants. En grandissant, l&rsquo;un d&rsquo;eux s&rsquo;est retrouv\u00e9 confront\u00e9 \u00e0 de nombreuses difficult\u00e9s tant sur le plan psychomoteur qu&rsquo;\u00e9motionnel. Malgr\u00e9 les bilans de plusieurs sp\u00e9cialistes et une petite avanc\u00e9e dans certains domaines, de gros troubles du comportement \u00e9taient toujours tr\u00e8s pr\u00e9sents et devenaient compliqu\u00e9s \u00e0 vivre pour lui et la fratrie.<\/p>\n\n\n\n<p style=\"font-size:17px\">J&rsquo;ai par la suite eu la chance de faire la d\u00e9couverte de la m\u00e9thode NeurOptimal\u00ae: nous avons commenc\u00e9 mon fils et moi-m\u00eame \u00e0 faire des sessions et tr\u00e8s vite nous avons vu des changements assez spectaculaires: meilleure gestion des \u00e9motions, plus de calme et de concentration pour mon fils ainsi qu&rsquo;une am\u00e9lioration de son \u00e9criture\u2026 et pour moi davantage d&rsquo;\u00e9nergie, d&rsquo;ancrage dans le pr\u00e9sent, une meilleure organisation et plus encore ! Cette m\u00e9thode a \u00e9galement \u00e9t\u00e9 b\u00e9n\u00e9fique pour le reste de la famille et a permis d&rsquo;am\u00e9liorer l&rsquo;harmonie familiale et de r\u00e9duire le stress li\u00e9 aux troubles comportementaux. <\/p>\n\n\n\n<p style=\"font-size:17px\">Ces r\u00e9sultats tr\u00e8s encourageants m&rsquo;ont pouss\u00e9e \u00e0 me former quelques mois apr\u00e8s et \u00e0 pouvoir utiliser le syst\u00e8me \u00e0 la maison pour mon fils et maintenant en cabinet afin de pouvoir en faire profiter d&rsquo;autres personnes !  En effet, ce syst\u00e8me \u00e9tant non invasif et 100% naturel, il peut \u00eatre utilis\u00e9 par toute personne (enfants, adultes, adolescents, sportifs, seniors\u2026) souhaitant retrouver un \u00e9quilibre g\u00e9n\u00e9ral afin de devenir plus performant et plus r\u00e9siliant.<\/p>\n\n\n\n<p style=\"font-size:17px\">Ma formation en psychologie combin\u00e9e \u00e0 l&rsquo;utilisation de NeurOptimal\u00ae me donne ainsi une perspective holistique et multidimensionnelle qui offre un soutien pr\u00e9cieux aux familles et individus dans des situations complexes. Mon approche vise \u00e0 accompagner chaque personne vers un mieux-\u00eatre global, que ce soit en am\u00e9liorant les performances cognitives ou en renfor\u00e7ant la r\u00e9gulation \u00e9motionnelle, le but \u00e9tant que chacun puisse atteindre son plein potentiel, optimiser son cerveau et acc\u00e9der \u00e0 une s\u00e9r\u00e9nit\u00e9 durable.<\/p>\n\n\n\n<p style=\"font-size:17px\">Je veux cependant souligner que cette m\u00e9thode ne remplace pas les th\u00e9rapies classiques mais vient les renforcer .<\/p>\n\n\n\n<p style=\"font-size:17px\">Je suis adh\u00e9rente de l&rsquo;association pour la diffusion du Neurofeedback en France : www.adnf.org  et suis praticienne de neurofeedback membre du r\u00e9seau de l&rsquo;ADNF.<\/p>\n\n\n\n<p><\/p>\n","protected":false},"excerpt":{"rendered":"<p>Je suis Caroline, psychologue de formation et r\u00e9cemment form\u00e9e \u00e0 la m\u00e9thode Neuroptimal\u00ae. En effet, apr\u00e8s avoir travaill\u00e9 quelques ann\u00e9es en tant que psychologue sp\u00e9cialis\u00e9e dans les Troubles du Spectre Autistique, j&rsquo;ai eu la chance d&rsquo;avoir trois enfants. En grandissant, l&rsquo;un d&rsquo;eux s&rsquo;est retrouv\u00e9 confront\u00e9 \u00e0 de nombreuses difficult\u00e9s tant sur le plan psychomoteur qu&rsquo;\u00e9motionnel. [&hellip;]<\/p>\n","protected":false},"author":1,"featured_media":280,"parent":0,"menu_order":0,"comment_status":"closed","ping_status":"open","template":"","meta":{"footnotes":""},"class_list":["post-2","page","type-page","status-publish","has-post-thumbnail","hentry"],"_links":{"self":[{"href":"https:\/\/psychologue-neurofeedback.fr\/index.php\/wp-json\/wp\/v2\/pages\/2","targetHints":{"allow":["GET"]}}],"collection":[{"href":"https:\/\/psychologue-neurofeedback.fr\/index.php\/wp-json\/wp\/v2\/pages"}],"about":[{"href":"https:\/\/psychologue-neurofeedback.fr\/index.php\/wp-json\/wp\/v2\/types\/page"}],"author":[{"embeddable":true,"href":"https:\/\/psychologue-neurofeedback.fr\/index.php\/wp-json\/wp\/v2\/users\/1"}],"replies":[{"embeddable":true,"href":"https:\/\/psychologue-neurofeedback.fr\/index.php\/wp-json\/wp\/v2\/comments?post=2"}],"version-history":[{"count":17,"href":"https:\/\/psychologue-neurofeedback.fr\/index.php\/wp-json\/wp\/v2\/pages\/2\/revisions"}],"predecessor-version":[{"id":297,"href":"https:\/\/psychologue-neurofeedback.fr\/index.php\/wp-json\/wp\/v2\/pages\/2\/revisions\/297"}],"wp:featuredmedia":[{"embeddable":true,"href":"https:\/\/psychologue-neurofeedback.fr\/index.php\/wp-json\/wp\/v2\/media\/280"}],"wp:attachment":[{"href":"https:\/\/psychologue-neurofeedback.fr\/index.php\/wp-json\/wp\/v2\/media?parent=2"}],"curies":[{"name":"wp","href":"https:\/\/api.w.org\/{rel}","templated":true}]}}