{"id":19,"date":"2024-10-03T10:26:43","date_gmt":"2024-10-03T08:26:43","guid":{"rendered":"https:\/\/psychologue-neurofeedback.fr\/?page_id=19"},"modified":"2024-10-23T13:28:35","modified_gmt":"2024-10-23T11:28:35","slug":"le-neurofeedback","status":"publish","type":"page","link":"https:\/\/psychologue-neurofeedback.fr\/index.php\/le-neurofeedback\/","title":{"rendered":"Le neurofeedback"},"content":{"rendered":"\n<p style=\"font-size:18px\">Est ce que votre cerveau fonctionne efficacement?<\/p>\n\n\n\n<p style=\"font-size:18px\">Votre cerveau a la capacit\u00e9 de fonctionner de mani\u00e8re optimale, mais lorsque votre syst\u00e8me nerveux central est perturb\u00e9, votre cerveau fonctionne moins efficacement.<\/p>\n\n\n\n<p style=\"font-size:18px\">Neuroptimal \u00aeest consid\u00e9r\u00e9 comme \u00e9tant la forme la plus \u00e9volu\u00e9e de syst\u00e8me de Neurofeedback disponible aujourd&rsquo;hui. Apr\u00e8s plus de 20 ans dans le domaines des neurosciences et de disciplines annexes, les Dr. Valdeane et Susan Brown, les fondateurs de Zengar, ont d\u00e9velopp\u00e9 un syst\u00e8me s\u00fbr et efficace qui donne une information directe \u00e0 votre cerveau en lui permettant de s&rsquo;auto-r\u00e9guler plus efficacement.<\/p>\n\n\n\n<p style=\"font-size:18px\">Cette technique utilise le principe des stimuli sonores. Des capteurs sont install\u00e9s sur la t\u00eate et sur les oreilles. Ils analysent l&rsquo;activit\u00e9 c\u00e9r\u00e9brale 256 fois par seconde. Vous \u00eates confortablement allong\u00e9 dans un canap\u00e9 et \u00e9coutez de la musique pendant 15 minutes la premi\u00e8re s\u00e9ance, puis 30 ou 33 minutes les s\u00e9ances suivantes. Vous entendez des microcoupures de son. L&rsquo;id\u00e9e \u00e9tant de se relaxer au maximum pendant que votre cerveau se r\u00e9organise alors tout seul, de fa\u00e7on 100% naturelle. Il n&rsquo;y a pas d&rsquo;efforts \u00e0 faire, ni concentration ou contr\u00f4le particulier.<\/p>\n\n\n\n<p style=\"font-size:18px\">La m\u00e9thode s&rsquo;appuie sur la capacit\u00e9 du cerveau \u00e0 se r\u00e9guler gr\u00e2ce \u00e0 son immense plasticit\u00e9.<\/p>\n","protected":false},"excerpt":{"rendered":"<p>Est ce que votre cerveau fonctionne efficacement? Votre cerveau a la capacit\u00e9 de fonctionner de mani\u00e8re optimale, mais lorsque votre syst\u00e8me nerveux central est perturb\u00e9, votre cerveau fonctionne moins efficacement. Neuroptimal \u00aeest consid\u00e9r\u00e9 comme \u00e9tant la forme la plus \u00e9volu\u00e9e de syst\u00e8me de Neurofeedback disponible aujourd&rsquo;hui. Apr\u00e8s plus de 20 ans dans le domaines des [&hellip;]<\/p>\n","protected":false},"author":1,"featured_media":0,"parent":0,"menu_order":0,"comment_status":"closed","ping_status":"closed","template":"","meta":{"footnotes":""},"class_list":["post-19","page","type-page","status-publish","hentry"],"_links":{"self":[{"href":"https:\/\/psychologue-neurofeedback.fr\/index.php\/wp-json\/wp\/v2\/pages\/19","targetHints":{"allow":["GET"]}}],"collection":[{"href":"https:\/\/psychologue-neurofeedback.fr\/index.php\/wp-json\/wp\/v2\/pages"}],"about":[{"href":"https:\/\/psychologue-neurofeedback.fr\/index.php\/wp-json\/wp\/v2\/types\/page"}],"author":[{"embeddable":true,"href":"https:\/\/psychologue-neurofeedback.fr\/index.php\/wp-json\/wp\/v2\/users\/1"}],"replies":[{"embeddable":true,"href":"https:\/\/psychologue-neurofeedback.fr\/index.php\/wp-json\/wp\/v2\/comments?post=19"}],"version-history":[{"count":8,"href":"https:\/\/psychologue-neurofeedback.fr\/index.php\/wp-json\/wp\/v2\/pages\/19\/revisions"}],"predecessor-version":[{"id":269,"href":"https:\/\/psychologue-neurofeedback.fr\/index.php\/wp-json\/wp\/v2\/pages\/19\/revisions\/269"}],"wp:attachment":[{"href":"https:\/\/psychologue-neurofeedback.fr\/index.php\/wp-json\/wp\/v2\/media?parent=19"}],"curies":[{"name":"wp","href":"https:\/\/api.w.org\/{rel}","templated":true}]}}