{"id":124,"date":"2024-10-03T15:33:51","date_gmt":"2024-10-03T13:33:51","guid":{"rendered":"https:\/\/psychologue-neurofeedback.fr\/?page_id=124"},"modified":"2024-11-04T09:57:24","modified_gmt":"2024-11-04T08:57:24","slug":"adultes","status":"publish","type":"page","link":"https:\/\/psychologue-neurofeedback.fr\/index.php\/indications-et-benefices\/adultes\/","title":{"rendered":"Adultes"},"content":{"rendered":"\n<p style=\"font-size:18px\">Le neurofeedback dynamique pr\u00e9sente plusieurs b\u00e9n\u00e9fices significatifs pour les adultes, que ce soit sur le plan mental, \u00e9motionnel ou m\u00eame physique. Cette approche non invasive agit directement sur le syst\u00e8me nerveux central, permettant au cerveau de s&rsquo;auto-r\u00e9guler et de retrouver son \u00e9quilibre optimal. Voici quelques-uns des principaux avantages pour les adultes:<\/p>\n\n\n\n<ul class=\"wp-block-list\">\n<li style=\"font-size:18px\"><strong>La r\u00e9duction du stress et de l&rsquo;anxi\u00e9t\u00e9<\/strong>: le Neurofeedback dynamique aide \u00e0 r\u00e9guler les niveaux de stress et \u00e0 diminuer l&rsquo;anxi\u00e9t\u00e9 en r\u00e9entra\u00eenant le cerveau \u00e0 r\u00e9pondre de mani\u00e8re plus calme et \u00e9quilibr\u00e9e aux stimuli externes. Cela se traduit par une meilleure gestion des situations stressantes, tant au travail qu&rsquo;\u00e0 la maison.<\/li>\n<\/ul>\n\n\n\n<p><\/p>\n\n\n\n<ul class=\"wp-block-list\">\n<li style=\"font-size:18px\"><strong>L&rsquo; am\u00e9lioration de la qualit\u00e9 du sommeil<\/strong>: les troubles du sommeil sont fr\u00e9quents chez les adultes, souvent dus \u00e0 des pens\u00e9es anxieuses ou \u00e0 des rythmes circadiens perturb\u00e9s. Le neurofeedback aide \u00e0 r\u00e9ajuster l&rsquo;activit\u00e9 c\u00e9r\u00e9brale, favorisant ainsi des cycles de sommeil plus r\u00e9guliers, plus profonds et plus r\u00e9parateurs.<\/li>\n<\/ul>\n\n\n\n<p><\/p>\n\n\n\n<ul class=\"wp-block-list\">\n<li style=\"font-size:18px\"><strong>L&rsquo; augmentation de la concentration et de la clart\u00e9 mentale<\/strong>: le neurofeedback dynamique peut am\u00e9liorer la capacit\u00e9 \u00e0 se concentrer et \u00e0 rester attentif, en particulier pour les adultes qui souffrent de distractions fr\u00e9quentes ou de difficult\u00e9s \u00e0 maintenir leur attention sur des t\u00e2ches complexes. Cela peut aussi augmenter la productivit\u00e9 dans des environnements professionnels exigeants.<\/li>\n<\/ul>\n\n\n\n<p><\/p>\n\n\n\n<ul class=\"wp-block-list\">\n<li style=\"font-size:18px\"><strong>L&rsquo; am\u00e9lioration de l&rsquo;humeur et la r\u00e9duction des sympt\u00f4mes d\u00e9pressifs<\/strong>: le neurofeedback aide \u00e0 stabiliser l&rsquo;humeur, ce qui peut \u00eatre particuli\u00e8rement b\u00e9n\u00e9fique pour les personnes souffrant de d\u00e9pression ou de troubles de l&rsquo;humeur. En r\u00e9\u00e9quilibrant les circuits c\u00e9r\u00e9braux, il peut contribuer \u00e0 un \u00e9tat \u00e9motionnel plus stable et \u00e0 une sensation de bien-\u00eatre plus durable.<\/li>\n<\/ul>\n\n\n\n<p><\/p>\n\n\n\n<ul class=\"wp-block-list\">\n<li style=\"font-size:18px\"><strong>La r\u00e9duction des sympt\u00f4mes li\u00e9s au burn-out<\/strong> : pour les adultes souffrant d&rsquo;\u00e9puisement professionnel ou parental, le neurofeedback dynamique offre un soutien essentiel. Il aide \u00e0 r\u00e9\u00e9quilibrer le syst\u00e8me nerveux, r\u00e9duisant les sympt\u00f4mes du burn-out comme la fatigue chronique, les troubles \u00e9motionnels et l&rsquo;\u00e9puisement mental.<\/li>\n<\/ul>\n\n\n\n<p><\/p>\n\n\n\n<ul class=\"wp-block-list\">\n<li style=\"font-size:18px\"><strong>Le soutien cognitif<\/strong>: avec l&rsquo;\u00e2ge, certaines personnes peuvent commencer \u00e0 ressentir une l\u00e9g\u00e8re diminution des capacit\u00e9s cognitives, telles que la vitesse de traitement de l&rsquo;information ou la m\u00e9moire. Le neurofeedback dynamique peut aider \u00e0 maintenir ou am\u00e9liorer ces fonctions, renfor\u00e7ant ainsi la m\u00e9moire, la r\u00e9solution de probl\u00e8mes, et la prise de d\u00e9cision.<\/li>\n<\/ul>\n\n\n\n<p><\/p>\n\n\n\n<ul class=\"wp-block-list\">\n<li style=\"font-size:18px\"><strong>L&rsquo;am\u00e9lioration de la gestion \u00e9motionnelle<\/strong>: pour les adultes confront\u00e9s \u00e0 des \u00e9motions intenses ou \u00e0 des difficult\u00e9s \u00e0 r\u00e9guler leur humeur (col\u00e8re, frustration, irritabilit\u00e9), le neurofeedback aide \u00e0 apaiser ces \u00e9motions en entra\u00eenant le cerveau \u00e0 r\u00e9agir de mani\u00e8re plus appropri\u00e9e et contr\u00f4l\u00e9e, favorisant une meilleure estime de soi.<\/li>\n<\/ul>\n\n\n\n<p><\/p>\n\n\n\n<ul class=\"wp-block-list\">\n<li style=\"font-size:18px\"><strong>Le soutien dans la gestion des traumatismes et des addictions<\/strong>: pour les personnes ayant v\u00e9cu des traumatismes ou luttant contre des addictions, le neurofeedback peut contribuer \u00e0 r\u00e9organiser les circuits neuronaux perturb\u00e9s par ces exp\u00e9riences. Cela peut permettre une gestion plus saine des d\u00e9clencheurs \u00e9motionnels et une diminution des comportements compulsifs.<\/li>\n<\/ul>\n\n\n\n<p><\/p>\n\n\n\n<ul class=\"wp-block-list\">\n<li style=\"font-size:18px\"><strong>Le renforcement de la cr\u00e9ativit\u00e9 et de l&rsquo;intuition<\/strong>: certains adultes rapportent une augmentation de leur cr\u00e9ativit\u00e9 et une meilleure connexion \u00e0 leur intuition apr\u00e8s plusieurs s\u00e9ances. Le cerveau, en \u00e9tant plus libre des sch\u00e9mas de stress et d&rsquo;anxi\u00e9t\u00e9, peut fonctionner de mani\u00e8re plus fluide et lib\u00e9rer des ressources cognitives pour des activit\u00e9s cr\u00e9atives ou strat\u00e9giques.<\/li>\n<\/ul>\n\n\n\n<p><\/p>\n\n\n\n<ul class=\"wp-block-list\">\n<li style=\"font-size:18px\"><strong>La r\u00e9cup\u00e9ration plus rapide apr\u00e8s des accidents ou des blessures<\/strong>: pour les adultes qui ont subi des traumatismes physiques ou des accidents, le neurofeedback peut faciliter la r\u00e9cup\u00e9ration en aidant le cerveau \u00e0 se r\u00e9adapter plus rapidement. Il favorise la r\u00e9silience et soutient la neuroplasticit\u00e9, acc\u00e9l\u00e9rant ainsi le processus de gu\u00e9rison.<\/li>\n<\/ul>\n\n\n\n<p style=\"font-size:18px\">En somme, le Neurofeedback dynamique NeurOptimal \u00ae peut \u00eatre un outil puissant pour aider les adultes \u00e0 retrouver un meilleur \u00e9quilibre mental et \u00e9motionnel, \u00e0 am\u00e9liorer leurs performances cognitives et \u00e0 renforcer leur bien-\u00eatre g\u00e9n\u00e9ral dans la vie quotidienne.<\/p>\n\n\n\n<p><\/p>\n","protected":false},"excerpt":{"rendered":"<p>Le neurofeedback dynamique pr\u00e9sente plusieurs b\u00e9n\u00e9fices significatifs pour les adultes, que ce soit sur le plan mental, \u00e9motionnel ou m\u00eame physique. Cette approche non invasive agit directement sur le syst\u00e8me nerveux central, permettant au cerveau de s&rsquo;auto-r\u00e9guler et de retrouver son \u00e9quilibre optimal. Voici quelques-uns des principaux avantages pour les adultes: En somme, le Neurofeedback [&hellip;]<\/p>\n","protected":false},"author":1,"featured_media":302,"parent":22,"menu_order":0,"comment_status":"closed","ping_status":"closed","template":"","meta":{"footnotes":""},"class_list":["post-124","page","type-page","status-publish","has-post-thumbnail","hentry"],"_links":{"self":[{"href":"https:\/\/psychologue-neurofeedback.fr\/index.php\/wp-json\/wp\/v2\/pages\/124","targetHints":{"allow":["GET"]}}],"collection":[{"href":"https:\/\/psychologue-neurofeedback.fr\/index.php\/wp-json\/wp\/v2\/pages"}],"about":[{"href":"https:\/\/psychologue-neurofeedback.fr\/index.php\/wp-json\/wp\/v2\/types\/page"}],"author":[{"embeddable":true,"href":"https:\/\/psychologue-neurofeedback.fr\/index.php\/wp-json\/wp\/v2\/users\/1"}],"replies":[{"embeddable":true,"href":"https:\/\/psychologue-neurofeedback.fr\/index.php\/wp-json\/wp\/v2\/comments?post=124"}],"version-history":[{"count":8,"href":"https:\/\/psychologue-neurofeedback.fr\/index.php\/wp-json\/wp\/v2\/pages\/124\/revisions"}],"predecessor-version":[{"id":303,"href":"https:\/\/psychologue-neurofeedback.fr\/index.php\/wp-json\/wp\/v2\/pages\/124\/revisions\/303"}],"up":[{"embeddable":true,"href":"https:\/\/psychologue-neurofeedback.fr\/index.php\/wp-json\/wp\/v2\/pages\/22"}],"wp:featuredmedia":[{"embeddable":true,"href":"https:\/\/psychologue-neurofeedback.fr\/index.php\/wp-json\/wp\/v2\/media\/302"}],"wp:attachment":[{"href":"https:\/\/psychologue-neurofeedback.fr\/index.php\/wp-json\/wp\/v2\/media?parent=124"}],"curies":[{"name":"wp","href":"https:\/\/api.w.org\/{rel}","templated":true}]}}